{"id":19375,"date":"2024-09-05T11:42:54","date_gmt":"2024-09-05T11:42:54","guid":{"rendered":"https:\/\/lbs.ma\/legal-notice\/"},"modified":"2024-10-20T20:12:53","modified_gmt":"2024-10-20T20:12:53","slug":"mentions-legales","status":"publish","type":"page","link":"https:\/\/lbs.ma\/fr\/mentions-legales\/","title":{"rendered":"Mentions L\u00e9gales"},"content":{"rendered":"\t\t<div data-elementor-type=\"wp-page\" data-elementor-id=\"19375\" class=\"elementor elementor-19375\" data-elementor-post-type=\"page\">\n\t\t\t\t\t\t<section class=\"elementor-section elementor-top-section elementor-element elementor-element-3d9d7b45 elementor-section-boxed elementor-section-height-default elementor-section-height-default sc_fly_static\" data-id=\"3d9d7b45\" data-element_type=\"section\" data-e-type=\"section\" data-settings=\"{&quot;background_background&quot;:&quot;classic&quot;}\">\n\t\t\t\t\t\t<div class=\"elementor-container elementor-column-gap-extended\">\n\t\t\t\t\t<div class=\"elementor-column elementor-col-100 elementor-top-column elementor-element elementor-element-e4a73cf sc_content_align_inherit sc_layouts_column_icons_position_left sc_fly_static\" data-id=\"e4a73cf\" data-element_type=\"column\" data-e-type=\"column\">\n\t\t\t<div class=\"elementor-widget-wrap elementor-element-populated\">\n\t\t\t\t\t\t<div class=\"elementor-element elementor-element-26920081 sc_fly_static elementor-widget elementor-widget-text-editor\" data-id=\"26920081\" data-element_type=\"widget\" data-e-type=\"widget\" data-widget_type=\"text-editor.default\">\n\t\t\t\t<div class=\"elementor-widget-container\">\n\t\t\t\t\t\t\t\t\t<h5><span style=\"font-weight: 400;\">1. Informations sur la soci\u00e9t\u00e9\u00a0 <\/span><\/h5><p><strong>London Bags and Shoes Spa<\/strong> <br \/>Adresse : SHOP 26, R\u00e9sidence Houda, Rue Moulay Ali, Marrakech 40000 <br \/>T\u00e9l\u00e9phone :<a href=\"http:\/\/+212626210857\" data-wplink-url-error=\"true\"> +212 6 26 21 08 57<\/a> <br \/>Email : <a href=\"mailto:info@lbs.ma\">info@lbs.ma<\/a> <br \/>Site web : <a href=\"https:\/\/lbs.ma\">www.lbs.ma<\/a><\/p><p>\u00a0<\/p>\t\t\t\t\t\t\t\t<\/div>\n\t\t\t\t<\/div>\n\t\t\t\t\t<\/div>\n\t\t<\/div>\n\t\t\t\t\t<\/div>\n\t\t<\/section>\n\t\t\t\t<section class=\"elementor-section elementor-top-section elementor-element elementor-element-60d4e03 elementor-section-boxed elementor-section-height-default elementor-section-height-default sc_fly_static\" data-id=\"60d4e03\" data-element_type=\"section\" data-e-type=\"section\">\n\t\t\t\t\t\t<div class=\"elementor-container elementor-column-gap-extended\">\n\t\t\t\t\t<div class=\"elementor-column elementor-col-100 elementor-top-column elementor-element elementor-element-4d313540 sc_content_align_inherit sc_layouts_column_icons_position_left sc_fly_static\" data-id=\"4d313540\" data-element_type=\"column\" data-e-type=\"column\">\n\t\t\t<div class=\"elementor-widget-wrap elementor-element-populated\">\n\t\t\t\t\t\t<div class=\"elementor-element elementor-element-56a25814 sc_fly_static elementor-widget elementor-widget-spacer\" data-id=\"56a25814\" data-element_type=\"widget\" data-e-type=\"widget\" data-widget_type=\"spacer.default\">\n\t\t\t\t<div class=\"elementor-widget-container\">\n\t\t\t\t\t\t\t<div class=\"elementor-spacer\">\n\t\t\t<div class=\"elementor-spacer-inner\"><\/div>\n\t\t<\/div>\n\t\t\t\t\t\t<\/div>\n\t\t\t\t<\/div>\n\t\t\t\t\t<\/div>\n\t\t<\/div>\n\t\t\t\t\t<\/div>\n\t\t<\/section>\n\t\t\t\t<section class=\"elementor-section elementor-top-section elementor-element elementor-element-0d47c21 elementor-section-boxed elementor-section-height-default elementor-section-height-default sc_fly_static\" data-id=\"0d47c21\" data-element_type=\"section\" data-e-type=\"section\" data-settings=\"{&quot;background_background&quot;:&quot;classic&quot;}\">\n\t\t\t\t\t\t<div class=\"elementor-container elementor-column-gap-extended\">\n\t\t\t\t\t<div class=\"elementor-column elementor-col-100 elementor-top-column elementor-element elementor-element-f69b41a sc_content_align_inherit sc_layouts_column_icons_position_left sc_fly_static\" data-id=\"f69b41a\" data-element_type=\"column\" data-e-type=\"column\">\n\t\t\t<div class=\"elementor-widget-wrap elementor-element-populated\">\n\t\t\t\t\t\t<div class=\"elementor-element elementor-element-fd88840 sc_fly_static elementor-widget elementor-widget-text-editor\" data-id=\"fd88840\" data-element_type=\"widget\" data-e-type=\"widget\" data-widget_type=\"text-editor.default\">\n\t\t\t\t<div class=\"elementor-widget-container\">\n\t\t\t\t\t\t\t\t\t<h5>2. Fournisseur d&rsquo;h\u00e9bergement<\/h5><p>Le site <a href=\"https:\/\/lbs.ma\">www.lbs.ma<\/a> est h\u00e9berg\u00e9 par : <br \/>Hostinger International Ltd. <br \/>Adresse : 61 Lordou Vironos, Larnaca, 6023, Chypre <br \/>T\u00e9l\u00e9phone : <a href=\"http:\/\/+370 645 03378\" data-wplink-url-error=\"true\">+370 645 03378<\/a> <br \/>Email : <a href=\"mailto:support@hostinger.com\">support@hostinger.com<\/a><\/p>\t\t\t\t\t\t\t\t<\/div>\n\t\t\t\t<\/div>\n\t\t\t\t\t<\/div>\n\t\t<\/div>\n\t\t\t\t\t<\/div>\n\t\t<\/section>\n\t\t\t\t<section class=\"elementor-section elementor-top-section elementor-element elementor-element-2a180ee elementor-section-boxed elementor-section-height-default elementor-section-height-default sc_fly_static\" data-id=\"2a180ee\" data-element_type=\"section\" data-e-type=\"section\">\n\t\t\t\t\t\t<div class=\"elementor-container elementor-column-gap-extended\">\n\t\t\t\t\t<div class=\"elementor-column elementor-col-100 elementor-top-column elementor-element elementor-element-fd98b68 sc_content_align_inherit sc_layouts_column_icons_position_left sc_fly_static\" data-id=\"fd98b68\" data-element_type=\"column\" data-e-type=\"column\">\n\t\t\t<div class=\"elementor-widget-wrap elementor-element-populated\">\n\t\t\t\t\t\t<div class=\"elementor-element elementor-element-74d1b14 sc_fly_static elementor-widget elementor-widget-spacer\" data-id=\"74d1b14\" data-element_type=\"widget\" data-e-type=\"widget\" data-widget_type=\"spacer.default\">\n\t\t\t\t<div class=\"elementor-widget-container\">\n\t\t\t\t\t\t\t<div class=\"elementor-spacer\">\n\t\t\t<div class=\"elementor-spacer-inner\"><\/div>\n\t\t<\/div>\n\t\t\t\t\t\t<\/div>\n\t\t\t\t<\/div>\n\t\t\t\t\t<\/div>\n\t\t<\/div>\n\t\t\t\t\t<\/div>\n\t\t<\/section>\n\t\t\t\t<section class=\"elementor-section elementor-top-section elementor-element elementor-element-e2249d8 elementor-section-boxed elementor-section-height-default elementor-section-height-default sc_fly_static\" data-id=\"e2249d8\" data-element_type=\"section\" data-e-type=\"section\" data-settings=\"{&quot;background_background&quot;:&quot;classic&quot;}\">\n\t\t\t\t\t\t<div class=\"elementor-container elementor-column-gap-extended\">\n\t\t\t\t\t<div class=\"elementor-column elementor-col-100 elementor-top-column elementor-element elementor-element-fa32400 sc_content_align_inherit sc_layouts_column_icons_position_left sc_fly_static\" data-id=\"fa32400\" data-element_type=\"column\" data-e-type=\"column\">\n\t\t\t<div class=\"elementor-widget-wrap elementor-element-populated\">\n\t\t\t\t\t\t<div class=\"elementor-element elementor-element-679ac6f sc_fly_static elementor-widget elementor-widget-text-editor\" data-id=\"679ac6f\" data-element_type=\"widget\" data-e-type=\"widget\" data-widget_type=\"text-editor.default\">\n\t\t\t\t<div class=\"elementor-widget-container\">\n\t\t\t\t\t\t\t\t\t<h5>3. Propri\u00e9t\u00e9 intellectuelle<\/h5><p>Tout le contenu du site, y compris les textes, images, logos et autres mat\u00e9riaux, est la propri\u00e9t\u00e9 intellectuelle de <strong>London Bags and Shoes Spa<\/strong>, sauf indication contraire. La reproduction, la distribution ou la modification non autoris\u00e9e de tout contenu sans permission est interdite et peut entra\u00eener des poursuites judiciaires.<\/p>\t\t\t\t\t\t\t\t<\/div>\n\t\t\t\t<\/div>\n\t\t\t\t\t<\/div>\n\t\t<\/div>\n\t\t\t\t\t<\/div>\n\t\t<\/section>\n\t\t\t\t<section class=\"elementor-section elementor-top-section elementor-element elementor-element-65b3ca1 elementor-section-boxed elementor-section-height-default elementor-section-height-default sc_fly_static\" data-id=\"65b3ca1\" data-element_type=\"section\" data-e-type=\"section\">\n\t\t\t\t\t\t<div class=\"elementor-container elementor-column-gap-extended\">\n\t\t\t\t\t<div class=\"elementor-column elementor-col-100 elementor-top-column elementor-element elementor-element-1ef0282 sc_content_align_inherit sc_layouts_column_icons_position_left sc_fly_static\" data-id=\"1ef0282\" data-element_type=\"column\" data-e-type=\"column\">\n\t\t\t<div class=\"elementor-widget-wrap elementor-element-populated\">\n\t\t\t\t\t\t<div class=\"elementor-element elementor-element-a9c5d9a sc_fly_static elementor-widget elementor-widget-spacer\" data-id=\"a9c5d9a\" data-element_type=\"widget\" data-e-type=\"widget\" data-widget_type=\"spacer.default\">\n\t\t\t\t<div class=\"elementor-widget-container\">\n\t\t\t\t\t\t\t<div class=\"elementor-spacer\">\n\t\t\t<div class=\"elementor-spacer-inner\"><\/div>\n\t\t<\/div>\n\t\t\t\t\t\t<\/div>\n\t\t\t\t<\/div>\n\t\t\t\t\t<\/div>\n\t\t<\/div>\n\t\t\t\t\t<\/div>\n\t\t<\/section>\n\t\t\t\t<section class=\"elementor-section elementor-top-section elementor-element elementor-element-a34a129 elementor-section-boxed elementor-section-height-default elementor-section-height-default sc_fly_static\" data-id=\"a34a129\" data-element_type=\"section\" data-e-type=\"section\" data-settings=\"{&quot;background_background&quot;:&quot;classic&quot;}\">\n\t\t\t\t\t\t<div class=\"elementor-container elementor-column-gap-extended\">\n\t\t\t\t\t<div class=\"elementor-column elementor-col-100 elementor-top-column elementor-element elementor-element-2396a63 sc_content_align_inherit sc_layouts_column_icons_position_left sc_fly_static\" data-id=\"2396a63\" data-element_type=\"column\" data-e-type=\"column\">\n\t\t\t<div class=\"elementor-widget-wrap elementor-element-populated\">\n\t\t\t\t\t\t<div class=\"elementor-element elementor-element-d922eeb sc_fly_static elementor-widget elementor-widget-text-editor\" data-id=\"d922eeb\" data-element_type=\"widget\" data-e-type=\"widget\" data-widget_type=\"text-editor.default\">\n\t\t\t\t<div class=\"elementor-widget-container\">\n\t\t\t\t\t\t\t\t\t<h5>4. Protection des donn\u00e9es et vie priv\u00e9e<\/h5><p>Conform\u00e9ment aux lois sur la protection des donn\u00e9es en vigueur, London Bags and Shoes Spa s&rsquo;engage \u00e0 prot\u00e9ger vos informations personnelles. Pour plus de d\u00e9tails sur la mani\u00e8re dont nous traitons vos donn\u00e9es, veuillez consulter notre <a href=\"https:\/\/lbs.ma\/fr\/politique-de-confidentialite\/\">Politique de confidentialit\u00e9<\/a>.<\/p>\t\t\t\t\t\t\t\t<\/div>\n\t\t\t\t<\/div>\n\t\t\t\t\t<\/div>\n\t\t<\/div>\n\t\t\t\t\t<\/div>\n\t\t<\/section>\n\t\t\t\t<section class=\"elementor-section elementor-top-section elementor-element elementor-element-9bd9c11 elementor-section-boxed elementor-section-height-default elementor-section-height-default sc_fly_static\" data-id=\"9bd9c11\" data-element_type=\"section\" data-e-type=\"section\">\n\t\t\t\t\t\t<div class=\"elementor-container elementor-column-gap-extended\">\n\t\t\t\t\t<div class=\"elementor-column elementor-col-100 elementor-top-column elementor-element elementor-element-cf140c6 sc_content_align_inherit sc_layouts_column_icons_position_left sc_fly_static\" data-id=\"cf140c6\" data-element_type=\"column\" data-e-type=\"column\">\n\t\t\t<div class=\"elementor-widget-wrap elementor-element-populated\">\n\t\t\t\t\t\t<div class=\"elementor-element elementor-element-9972ad9 sc_fly_static elementor-widget elementor-widget-spacer\" data-id=\"9972ad9\" data-element_type=\"widget\" data-e-type=\"widget\" data-widget_type=\"spacer.default\">\n\t\t\t\t<div class=\"elementor-widget-container\">\n\t\t\t\t\t\t\t<div class=\"elementor-spacer\">\n\t\t\t<div class=\"elementor-spacer-inner\"><\/div>\n\t\t<\/div>\n\t\t\t\t\t\t<\/div>\n\t\t\t\t<\/div>\n\t\t\t\t\t<\/div>\n\t\t<\/div>\n\t\t\t\t\t<\/div>\n\t\t<\/section>\n\t\t\t\t<section class=\"elementor-section elementor-top-section elementor-element elementor-element-9d0fa20 elementor-section-boxed elementor-section-height-default elementor-section-height-default sc_fly_static\" data-id=\"9d0fa20\" data-element_type=\"section\" data-e-type=\"section\" data-settings=\"{&quot;background_background&quot;:&quot;classic&quot;}\">\n\t\t\t\t\t\t<div class=\"elementor-container elementor-column-gap-extended\">\n\t\t\t\t\t<div class=\"elementor-column elementor-col-100 elementor-top-column elementor-element elementor-element-ccb49be sc_content_align_inherit sc_layouts_column_icons_position_left sc_fly_static\" data-id=\"ccb49be\" data-element_type=\"column\" data-e-type=\"column\">\n\t\t\t<div class=\"elementor-widget-wrap elementor-element-populated\">\n\t\t\t\t\t\t<div class=\"elementor-element elementor-element-7013f84 sc_fly_static elementor-widget elementor-widget-text-editor\" data-id=\"7013f84\" data-element_type=\"widget\" data-e-type=\"widget\" data-widget_type=\"text-editor.default\">\n\t\t\t\t<div class=\"elementor-widget-container\">\n\t\t\t\t\t\t\t\t\t<h5>5. Cookies<\/h5><p>Ce site Web utilise des cookies pour am\u00e9liorer l&rsquo;exp\u00e9rience utilisateur. En utilisant notre site, vous consentez \u00e0 notre utilisation de cookies conform\u00e9ment \u00e0 notre <a href=\"https:\/\/lbs.ma\/fr\/cookie-policy\/\">Politique de cookies<\/a>.<\/p>\t\t\t\t\t\t\t\t<\/div>\n\t\t\t\t<\/div>\n\t\t\t\t\t<\/div>\n\t\t<\/div>\n\t\t\t\t\t<\/div>\n\t\t<\/section>\n\t\t\t\t<section class=\"elementor-section elementor-top-section elementor-element elementor-element-6a9eb3d elementor-section-boxed elementor-section-height-default elementor-section-height-default sc_fly_static\" data-id=\"6a9eb3d\" data-element_type=\"section\" data-e-type=\"section\">\n\t\t\t\t\t\t<div class=\"elementor-container elementor-column-gap-extended\">\n\t\t\t\t\t<div class=\"elementor-column elementor-col-100 elementor-top-column elementor-element elementor-element-7e71dbc sc_content_align_inherit sc_layouts_column_icons_position_left sc_fly_static\" data-id=\"7e71dbc\" data-element_type=\"column\" data-e-type=\"column\">\n\t\t\t<div class=\"elementor-widget-wrap elementor-element-populated\">\n\t\t\t\t\t\t<div class=\"elementor-element elementor-element-cbee91b sc_fly_static elementor-widget elementor-widget-spacer\" data-id=\"cbee91b\" data-element_type=\"widget\" data-e-type=\"widget\" data-widget_type=\"spacer.default\">\n\t\t\t\t<div class=\"elementor-widget-container\">\n\t\t\t\t\t\t\t<div class=\"elementor-spacer\">\n\t\t\t<div class=\"elementor-spacer-inner\"><\/div>\n\t\t<\/div>\n\t\t\t\t\t\t<\/div>\n\t\t\t\t<\/div>\n\t\t\t\t\t<\/div>\n\t\t<\/div>\n\t\t\t\t\t<\/div>\n\t\t<\/section>\n\t\t\t\t<section class=\"elementor-section elementor-top-section elementor-element elementor-element-61a44d1 elementor-section-boxed elementor-section-height-default elementor-section-height-default sc_fly_static\" data-id=\"61a44d1\" data-element_type=\"section\" data-e-type=\"section\" data-settings=\"{&quot;background_background&quot;:&quot;classic&quot;}\">\n\t\t\t\t\t\t<div class=\"elementor-container elementor-column-gap-extended\">\n\t\t\t\t\t<div class=\"elementor-column elementor-col-100 elementor-top-column elementor-element elementor-element-676ac0d sc_content_align_inherit sc_layouts_column_icons_position_left sc_fly_static\" data-id=\"676ac0d\" data-element_type=\"column\" data-e-type=\"column\">\n\t\t\t<div class=\"elementor-widget-wrap elementor-element-populated\">\n\t\t\t\t\t\t<div class=\"elementor-element elementor-element-ef66a9d sc_fly_static elementor-widget elementor-widget-text-editor\" data-id=\"ef66a9d\" data-element_type=\"widget\" data-e-type=\"widget\" data-widget_type=\"text-editor.default\">\n\t\t\t\t<div class=\"elementor-widget-container\">\n\t\t\t\t\t\t\t\t\t<h5>6. Responsabilit\u00e9<\/h5><p>Bien que nous nous effor\u00e7ons d&rsquo;assurer l&rsquo;exactitude des informations fournies sur ce site Web, <strong>London Bags and Shoes Spa<\/strong> ne peut \u00eatre tenu responsable des erreurs ou omissions. Nous nous r\u00e9servons le droit de modifier le contenu du site \u00e0 tout moment.<\/p>\t\t\t\t\t\t\t\t<\/div>\n\t\t\t\t<\/div>\n\t\t\t\t\t<\/div>\n\t\t<\/div>\n\t\t\t\t\t<\/div>\n\t\t<\/section>\n\t\t\t\t<section class=\"elementor-section elementor-top-section elementor-element elementor-element-fa5ca1b elementor-section-boxed elementor-section-height-default elementor-section-height-default sc_fly_static\" data-id=\"fa5ca1b\" data-element_type=\"section\" data-e-type=\"section\">\n\t\t\t\t\t\t<div class=\"elementor-container elementor-column-gap-extended\">\n\t\t\t\t\t<div class=\"elementor-column elementor-col-100 elementor-top-column elementor-element elementor-element-837dc73 sc_content_align_inherit sc_layouts_column_icons_position_left sc_fly_static\" data-id=\"837dc73\" data-element_type=\"column\" data-e-type=\"column\">\n\t\t\t<div class=\"elementor-widget-wrap elementor-element-populated\">\n\t\t\t\t\t\t<div class=\"elementor-element elementor-element-a2418fb sc_fly_static elementor-widget elementor-widget-spacer\" data-id=\"a2418fb\" data-element_type=\"widget\" data-e-type=\"widget\" data-widget_type=\"spacer.default\">\n\t\t\t\t<div class=\"elementor-widget-container\">\n\t\t\t\t\t\t\t<div class=\"elementor-spacer\">\n\t\t\t<div class=\"elementor-spacer-inner\"><\/div>\n\t\t<\/div>\n\t\t\t\t\t\t<\/div>\n\t\t\t\t<\/div>\n\t\t\t\t\t<\/div>\n\t\t<\/div>\n\t\t\t\t\t<\/div>\n\t\t<\/section>\n\t\t\t\t<section class=\"elementor-section elementor-top-section elementor-element elementor-element-0433713 elementor-section-boxed elementor-section-height-default elementor-section-height-default sc_fly_static\" data-id=\"0433713\" data-element_type=\"section\" data-e-type=\"section\" data-settings=\"{&quot;background_background&quot;:&quot;classic&quot;}\">\n\t\t\t\t\t\t<div class=\"elementor-container elementor-column-gap-extended\">\n\t\t\t\t\t<div class=\"elementor-column elementor-col-100 elementor-top-column elementor-element elementor-element-a3f8e2f sc_content_align_inherit sc_layouts_column_icons_position_left sc_fly_static\" data-id=\"a3f8e2f\" data-element_type=\"column\" data-e-type=\"column\">\n\t\t\t<div class=\"elementor-widget-wrap elementor-element-populated\">\n\t\t\t\t\t\t<div class=\"elementor-element elementor-element-59bc9ff sc_fly_static elementor-widget elementor-widget-text-editor\" data-id=\"59bc9ff\" data-element_type=\"widget\" data-e-type=\"widget\" data-widget_type=\"text-editor.default\">\n\t\t\t\t<div class=\"elementor-widget-container\">\n\t\t\t\t\t\t\t\t\t<h5>7. Droit Applicable<\/h5><p>Cet avis l\u00e9gal est r\u00e9gi par les lois du Maroc. Tout litige d\u00e9coulant de l&rsquo;utilisation de ce site Web sera soumis \u00e0 la comp\u00e9tence exclusive des tribunaux marocains.<\/p>\t\t\t\t\t\t\t\t<\/div>\n\t\t\t\t<\/div>\n\t\t\t\t\t<\/div>\n\t\t<\/div>\n\t\t\t\t\t<\/div>\n\t\t<\/section>\n\t\t\t\t<\/div>\n\t\t","protected":false},"excerpt":{"rendered":"<p>1. Informations sur la soci\u00e9t\u00e9\u00a0 London Bags and Shoes Spa Adresse : SHOP 26, R\u00e9sidence Houda, Rue Moulay Ali, Marrakech 40000 T\u00e9l\u00e9phone : +212 6 26 21 08 57 Email&hellip;<\/p>\n","protected":false},"author":1,"featured_media":0,"parent":0,"menu_order":0,"comment_status":"closed","ping_status":"closed","template":"","meta":{"footnotes":""},"class_list":["post-19375","page","type-page","status-publish","hentry"],"yoast_head":"<!-- This site is optimized with the Yoast SEO plugin v24.8.1 - https:\/\/yoast.com\/wordpress\/plugins\/seo\/ -->\n<title>Mentions L\u00e9gales - London Bags and Shoes Spa<\/title>\n<meta name=\"robots\" content=\"index, follow, max-snippet:-1, max-image-preview:large, max-video-preview:-1\" \/>\n<link rel=\"canonical\" href=\"https:\/\/www.sandybrown-wolverine-152426.hostingersite.com\/fr\/mentions-legales\/\" \/>\n<meta property=\"og:locale\" content=\"fr_FR\" \/>\n<meta property=\"og:type\" content=\"article\" \/>\n<meta property=\"og:title\" content=\"Mentions L\u00e9gales - London Bags and Shoes Spa\" \/>\n<meta property=\"og:description\" content=\"1. Informations sur la soci\u00e9t\u00e9\u00a0 London Bags and Shoes Spa Adresse : SHOP 26, R\u00e9sidence Houda, Rue Moulay Ali, Marrakech 40000 T\u00e9l\u00e9phone : +212 6 26 21 08 57 Email&hellip;\" \/>\n<meta property=\"og:url\" content=\"https:\/\/www.sandybrown-wolverine-152426.hostingersite.com\/fr\/mentions-legales\/\" \/>\n<meta property=\"og:site_name\" content=\"London Bags and Shoes Spa\" \/>\n<meta property=\"article:modified_time\" content=\"2024-10-20T20:12:53+00:00\" \/>\n<meta name=\"twitter:card\" content=\"summary_large_image\" \/>\n<meta name=\"twitter:label1\" content=\"Dur\u00e9e de lecture estim\u00e9e\" \/>\n\t<meta name=\"twitter:data1\" content=\"2 minutes\" \/>\n<script type=\"application\/ld+json\" class=\"yoast-schema-graph\">{\"@context\":\"https:\/\/schema.org\",\"@graph\":[{\"@type\":\"WebPage\",\"@id\":\"https:\/\/www.sandybrown-wolverine-152426.hostingersite.com\/fr\/mentions-legales\/\",\"url\":\"https:\/\/www.sandybrown-wolverine-152426.hostingersite.com\/fr\/mentions-legales\/\",\"name\":\"Mentions L\u00e9gales - London Bags and Shoes Spa\",\"isPartOf\":{\"@id\":\"https:\/\/www.sandybrown-wolverine-152426.hostingersite.com\/#website\"},\"datePublished\":\"2024-09-05T11:42:54+00:00\",\"dateModified\":\"2024-10-20T20:12:53+00:00\",\"breadcrumb\":{\"@id\":\"https:\/\/www.sandybrown-wolverine-152426.hostingersite.com\/fr\/mentions-legales\/#breadcrumb\"},\"inLanguage\":\"fr-FR\",\"potentialAction\":[{\"@type\":\"ReadAction\",\"target\":[\"https:\/\/www.sandybrown-wolverine-152426.hostingersite.com\/fr\/mentions-legales\/\"]}]},{\"@type\":\"BreadcrumbList\",\"@id\":\"https:\/\/www.sandybrown-wolverine-152426.hostingersite.com\/fr\/mentions-legales\/#breadcrumb\",\"itemListElement\":[{\"@type\":\"ListItem\",\"position\":1,\"name\":\"Home\",\"item\":\"https:\/\/www.sandybrown-wolverine-152426.hostingersite.com\/\"},{\"@type\":\"ListItem\",\"position\":2,\"name\":\"Mentions L\u00e9gales\"}]},{\"@type\":\"WebSite\",\"@id\":\"https:\/\/www.sandybrown-wolverine-152426.hostingersite.com\/#website\",\"url\":\"https:\/\/www.sandybrown-wolverine-152426.hostingersite.com\/\",\"name\":\"London Bags and Shoes Spa\",\"description\":\"London Bags and Shoes Spa\",\"publisher\":{\"@id\":\"https:\/\/www.sandybrown-wolverine-152426.hostingersite.com\/#organization\"},\"potentialAction\":[{\"@type\":\"SearchAction\",\"target\":{\"@type\":\"EntryPoint\",\"urlTemplate\":\"https:\/\/www.sandybrown-wolverine-152426.hostingersite.com\/?s={search_term_string}\"},\"query-input\":{\"@type\":\"PropertyValueSpecification\",\"valueRequired\":true,\"valueName\":\"search_term_string\"}}],\"inLanguage\":\"fr-FR\"},{\"@type\":\"Organization\",\"@id\":\"https:\/\/www.sandybrown-wolverine-152426.hostingersite.com\/#organization\",\"name\":\"London Bags and Shoes Spa\",\"url\":\"https:\/\/www.sandybrown-wolverine-152426.hostingersite.com\/\",\"logo\":{\"@type\":\"ImageObject\",\"inLanguage\":\"fr-FR\",\"@id\":\"https:\/\/www.sandybrown-wolverine-152426.hostingersite.com\/#\/schema\/logo\/image\/\",\"url\":\"\",\"contentUrl\":\"\",\"caption\":\"London Bags and Shoes Spa\"},\"image\":{\"@id\":\"https:\/\/www.sandybrown-wolverine-152426.hostingersite.com\/#\/schema\/logo\/image\/\"}}]}<\/script>\n<!-- \/ Yoast SEO plugin. -->","yoast_head_json":{"title":"Mentions L\u00e9gales - London Bags and Shoes Spa","robots":{"index":"index","follow":"follow","max-snippet":"max-snippet:-1","max-image-preview":"max-image-preview:large","max-video-preview":"max-video-preview:-1"},"canonical":"https:\/\/www.sandybrown-wolverine-152426.hostingersite.com\/fr\/mentions-legales\/","og_locale":"fr_FR","og_type":"article","og_title":"Mentions L\u00e9gales - London Bags and Shoes Spa","og_description":"1. Informations sur la soci\u00e9t\u00e9\u00a0 London Bags and Shoes Spa Adresse : SHOP 26, R\u00e9sidence Houda, Rue Moulay Ali, Marrakech 40000 T\u00e9l\u00e9phone : +212 6 26 21 08 57 Email&hellip;","og_url":"https:\/\/www.sandybrown-wolverine-152426.hostingersite.com\/fr\/mentions-legales\/","og_site_name":"London Bags and Shoes Spa","article_modified_time":"2024-10-20T20:12:53+00:00","twitter_card":"summary_large_image","twitter_misc":{"Dur\u00e9e de lecture estim\u00e9e":"2 minutes"},"schema":{"@context":"https:\/\/schema.org","@graph":[{"@type":"WebPage","@id":"https:\/\/www.sandybrown-wolverine-152426.hostingersite.com\/fr\/mentions-legales\/","url":"https:\/\/www.sandybrown-wolverine-152426.hostingersite.com\/fr\/mentions-legales\/","name":"Mentions L\u00e9gales - London Bags and Shoes Spa","isPartOf":{"@id":"https:\/\/www.sandybrown-wolverine-152426.hostingersite.com\/#website"},"datePublished":"2024-09-05T11:42:54+00:00","dateModified":"2024-10-20T20:12:53+00:00","breadcrumb":{"@id":"https:\/\/www.sandybrown-wolverine-152426.hostingersite.com\/fr\/mentions-legales\/#breadcrumb"},"inLanguage":"fr-FR","potentialAction":[{"@type":"ReadAction","target":["https:\/\/www.sandybrown-wolverine-152426.hostingersite.com\/fr\/mentions-legales\/"]}]},{"@type":"BreadcrumbList","@id":"https:\/\/www.sandybrown-wolverine-152426.hostingersite.com\/fr\/mentions-legales\/#breadcrumb","itemListElement":[{"@type":"ListItem","position":1,"name":"Home","item":"https:\/\/www.sandybrown-wolverine-152426.hostingersite.com\/"},{"@type":"ListItem","position":2,"name":"Mentions L\u00e9gales"}]},{"@type":"WebSite","@id":"https:\/\/www.sandybrown-wolverine-152426.hostingersite.com\/#website","url":"https:\/\/www.sandybrown-wolverine-152426.hostingersite.com\/","name":"London Bags and Shoes Spa","description":"London Bags and Shoes Spa","publisher":{"@id":"https:\/\/www.sandybrown-wolverine-152426.hostingersite.com\/#organization"},"potentialAction":[{"@type":"SearchAction","target":{"@type":"EntryPoint","urlTemplate":"https:\/\/www.sandybrown-wolverine-152426.hostingersite.com\/?s={search_term_string}"},"query-input":{"@type":"PropertyValueSpecification","valueRequired":true,"valueName":"search_term_string"}}],"inLanguage":"fr-FR"},{"@type":"Organization","@id":"https:\/\/www.sandybrown-wolverine-152426.hostingersite.com\/#organization","name":"London Bags and Shoes Spa","url":"https:\/\/www.sandybrown-wolverine-152426.hostingersite.com\/","logo":{"@type":"ImageObject","inLanguage":"fr-FR","@id":"https:\/\/www.sandybrown-wolverine-152426.hostingersite.com\/#\/schema\/logo\/image\/","url":"","contentUrl":"","caption":"London Bags and Shoes Spa"},"image":{"@id":"https:\/\/www.sandybrown-wolverine-152426.hostingersite.com\/#\/schema\/logo\/image\/"}}]}},"_links":{"self":[{"href":"https:\/\/lbs.ma\/fr\/wp-json\/wp\/v2\/pages\/19375","targetHints":{"allow":["GET"]}}],"collection":[{"href":"https:\/\/lbs.ma\/fr\/wp-json\/wp\/v2\/pages"}],"about":[{"href":"https:\/\/lbs.ma\/fr\/wp-json\/wp\/v2\/types\/page"}],"author":[{"embeddable":true,"href":"https:\/\/lbs.ma\/fr\/wp-json\/wp\/v2\/users\/1"}],"replies":[{"embeddable":true,"href":"https:\/\/lbs.ma\/fr\/wp-json\/wp\/v2\/comments?post=19375"}],"version-history":[{"count":1,"href":"https:\/\/lbs.ma\/fr\/wp-json\/wp\/v2\/pages\/19375\/revisions"}],"predecessor-version":[{"id":19376,"href":"https:\/\/lbs.ma\/fr\/wp-json\/wp\/v2\/pages\/19375\/revisions\/19376"}],"wp:attachment":[{"href":"https:\/\/lbs.ma\/fr\/wp-json\/wp\/v2\/media?parent=19375"}],"curies":[{"name":"wp","href":"https:\/\/api.w.org\/{rel}","templated":true}]}}